{"id":169,"date":"2019-04-09T03:36:44","date_gmt":"2019-04-09T00:36:44","guid":{"rendered":"https:\/\/lordcros.c-themes.com\/demo1\/?page_id=169"},"modified":"2025-05-12T18:01:25","modified_gmt":"2025-05-12T15:01:25","slug":"iletisim","status":"publish","type":"page","link":"https:\/\/hotelkuluhana.com\/tr\/iletisim\/","title":{"rendered":"\u0130leti\u015fim"},"content":{"rendered":"[vc_row wrap_container=&#8221;true&#8221; el_id=&#8221;contact-info-section&#8221;][vc_column width=&#8221;1\/2&#8243;][vc_custom_heading text=&#8221;\u0130leti\u015fim&#8221; font_container=&#8221;tag:h2|font_size:30px|text_align:left|color:%23252c41|line_height:35px&#8221; use_theme_fonts=&#8221;yes&#8221; css=&#8221;.vc_custom_1642440381120{margin-top: 0px !important;margin-bottom: 70px !important;}&#8221;]<div id=\"lordcros-icon-box-360669fa0f5500d68\" class=\"shortcode-icon-box lordcrosicons-icon-style\" style=\"animation-delay: 1s;\"><div class=\"shortcode-icon-box-wrapper vc_custom_1642437806126 icon-box-content-right icon-box-left\"><div class=\"icon-wrap\" style=\"border-color: #647585;\"><i class=\"lordcros lordcros-location\" style=\"color: #647585; font-size: 35px;\"><\/i><\/div><div class=\"content-inner\">Kalkan Mahallesi, K\u0131\u015fla Caddesi 35, 07960 Kalkan<\/div><\/div><\/div><div id=\"lordcros-icon-box-255969fa0f5500e09\" class=\"shortcode-icon-box lordcrosicons-icon-style\" style=\"animation-delay: 1s;\"><div class=\"shortcode-icon-box-wrapper vc_custom_1747062095307 icon-box-content-right icon-box-left\"><div class=\"icon-wrap\" style=\"border-color: #647585;\"><i class=\"lordcros lordcros-phone-call\" style=\"color: #647585; font-size: 35px;\"><\/i><\/div><div class=\"content-inner\">+90 532 052 93 96<\/div><\/div><\/div><div id=\"lordcros-icon-box-734569fa0f5500e6e\" class=\"shortcode-icon-box lordcrosicons-icon-style\" style=\"animation-delay: 1s;\"><div class=\"shortcode-icon-box-wrapper vc_custom_1643637803176 icon-box-content-right icon-box-left\"><div class=\"icon-wrap\" style=\"border-color: #647585;\"><i class=\"lordcros lordcros-mail\" style=\"color: #647585; font-size: 35px;\"><\/i><\/div><div class=\"content-inner\">info@hotelkuluhana.com<\/div><\/div><\/div>[\/vc_column][vc_column width=&#8221;1\/2&#8243;][vc_column_text]<iframe loading=\"lazy\" style=\"border: 0;\" src=\"https:\/\/www.google.com\/maps\/embed?pb=!1m18!1m12!1m3!1d3217.5546956671155!2d29.412880715562075!3d36.250309906158044!2m3!1f0!2f0!3f0!3m2!1i1024!2i768!4f13.1!3m3!1m2!1s0x14c1d32cbed57eed%3A0xd385fef3730ccd28!2sKuluhana%20Hotel%20%26%20Villas%20Kalkan!5e0!3m2!1str!2str!4v1642152909012!5m2!1str!2str\" width=\"600\" height=\"450\" allowfullscreen=\"allowfullscreen\"><\/iframe>[\/vc_column_text][\/vc_column][\/vc_row][vc_row wrap_container=&#8221;true&#8221; css=&#8221;.vc_custom_1554887505377{margin-top: 60px !important;margin-bottom: -60px !important;padding-top: 60px !important;padding-bottom: 60px !important;background-color: #f3f3f6 !important;}&#8221;][vc_column][vc_custom_heading text=&#8221;B\u0130ZE MESAJ G\u00d6NDER\u0130N&#8221; font_container=&#8221;tag:h2|font_size:30px|text_align:center|color:%23252c41|line_height:35px&#8221; use_theme_fonts=&#8221;yes&#8221; css=&#8221;.vc_custom_1642585403808{margin-top: 0px !important;margin-bottom: 25px !important;}&#8221;][vc_column_text css=&#8221;.vc_custom_1642585439908{margin-bottom: 45px !important;}&#8221;]\n<p style=\"text-align: center;\">A\u015fa\u011f\u0131daki ileti\u015fim formunu kullanarak bize iletmek istediklerinizi veya sormak istediklerinizi g\u00f6nderebilirsiniz.<\/p>\n[\/vc_column_text][vc_row_inner][vc_column_inner offset=&#8221;vc_col-lg-offset-2 vc_col-lg-8 vc_col-md-offset-1 vc_col-md-10 vc_col-xs-12&#8243;]\n<div class=\"wpcf7 no-js\" id=\"wpcf7-f1948-o1\" lang=\"en-US\" dir=\"ltr\" data-wpcf7-id=\"1948\">\n<div class=\"screen-reader-response\"><p role=\"status\" aria-live=\"polite\" aria-atomic=\"true\"><\/p> <ul><\/ul><\/div>\n<form action=\"\/tr\/wp-json\/wp\/v2\/pages\/169#wpcf7-f1948-o1\" method=\"post\" class=\"wpcf7-form init\" aria-label=\"Contact form\" novalidate=\"novalidate\" data-status=\"init\">\n<fieldset class=\"hidden-fields-container\"><input type=\"hidden\" name=\"_wpcf7\" value=\"1948\" \/><input type=\"hidden\" name=\"_wpcf7_version\" value=\"6.1.5\" \/><input type=\"hidden\" name=\"_wpcf7_locale\" value=\"en_US\" \/><input type=\"hidden\" name=\"_wpcf7_unit_tag\" value=\"wpcf7-f1948-o1\" \/><input type=\"hidden\" name=\"_wpcf7_container_post\" value=\"0\" \/><input type=\"hidden\" name=\"_wpcf7_posted_data_hash\" value=\"\" \/>\n<\/fieldset>\n<div class=\"row\">\n\t<div class=\"col-md-6 form-group full-name-field\">\n\t\t<p><label>Ad\u0131n\u0131z Soyad\u0131n\u0131z <abbr class=\"required\" title=\"required\">*<\/abbr><\/label><br \/>\n<span class=\"wpcf7-form-control-wrap\" data-name=\"your-name\"><input size=\"40\" maxlength=\"400\" class=\"wpcf7-form-control wpcf7-text wpcf7-validates-as-required\" aria-required=\"true\" aria-invalid=\"false\" value=\"\" type=\"text\" name=\"your-name\" \/><\/span>\n\t\t<\/p>\n\t<\/div>\n\t<div class=\"col-md-6 form-group email-field\">\n\t\t<p><label>E-Posta Adresiniz<abbr class=\"required\" title=\"required\">*<\/abbr><\/label><br \/>\n<span class=\"wpcf7-form-control-wrap\" data-name=\"your-email\"><input size=\"40\" maxlength=\"400\" class=\"wpcf7-form-control wpcf7-email wpcf7-validates-as-required wpcf7-text wpcf7-validates-as-email\" aria-required=\"true\" aria-invalid=\"false\" value=\"\" type=\"email\" name=\"your-email\" \/><\/span>\n\t\t<\/p>\n\t<\/div>\n<\/div>\n<div class=\"row\">\n\t<div class=\"col-md-6 form-group phone-field\">\n\t\t<p><label>Telefon Numaran\u0131z <abbr class=\"required\" title=\"required\">*<\/abbr><\/label><br \/>\n<span class=\"wpcf7-form-control-wrap\" data-name=\"your-phone\"><input size=\"40\" maxlength=\"400\" class=\"wpcf7-form-control wpcf7-tel wpcf7-validates-as-required wpcf7-text wpcf7-validates-as-tel\" aria-required=\"true\" aria-invalid=\"false\" value=\"\" type=\"tel\" name=\"your-phone\" \/><\/span>\n\t\t<\/p>\n\t<\/div>\n\t<div class=\"col-md-6 form-group subject-field\">\n\t\t<p><label>Konu <abbr class=\"required\" title=\"required\">*<\/abbr><\/label><br \/>\n<span class=\"wpcf7-form-control-wrap\" data-name=\"your-subject\"><input size=\"40\" maxlength=\"400\" class=\"wpcf7-form-control wpcf7-text wpcf7-validates-as-required\" aria-required=\"true\" aria-invalid=\"false\" value=\"\" type=\"text\" name=\"your-subject\" \/><\/span>\n\t\t<\/p>\n\t<\/div>\n<\/div>\n<div class=\"row\">\n\t<div class=\"col-md-12 form-group subject-field\">\n\t\t<p><label>Mesaj\u0131n\u0131z<\/label><br \/>\n<span class=\"wpcf7-form-control-wrap\" data-name=\"your-message\"><textarea cols=\"40\" rows=\"10\" maxlength=\"2000\" class=\"wpcf7-form-control wpcf7-textarea\" aria-invalid=\"false\" name=\"your-message\"><\/textarea><\/span>\n\t\t<\/p>\n\t<\/div>\n<\/div>\n<div class=\"submit-field\">\n\t<p><input class=\"wpcf7-form-control wpcf7-submit has-spinner lordcros-btn primary-clr rectangle-style medium\" type=\"submit\" value=\"G\u00f6nder\" \/>\n\t<\/p>\n<\/div><div class=\"wpcf7-response-output\" aria-hidden=\"true\"><\/div>\n<\/form>\n<\/div>\n[\/vc_column_inner][\/vc_row_inner][\/vc_column][\/vc_row]\n","protected":false},"excerpt":{"rendered":"<p>[vc_row wrap_container=&#8221;true&#8221; el_id=&#8221;contact-info-section&#8221;][vc_column width=&#8221;1\/2&#8243;][vc_custom_heading text=&#8221;\u0130leti\u015fim&#8221; font_container=&#8221;tag:h2|font_size:30px|text_align:left|color:%23252c41|line_height:35px&#8221; use_theme_fonts=&#8221;yes&#8221; css=&#8221;.vc_custom_1642440381120{margin-top: 0px !important;margin-bottom: 70px !important;}&#8221;][\/vc_column][vc_column width=&#8221;1\/2&#8243;][vc_column_text][\/vc_column_text][\/vc_column][\/vc_row][vc_row wrap_container=&#8221;true&#8221; css=&#8221;.vc_custom_1554887505377{margin-top: 60px !important;margin-bottom: -60px !important;padding-top: 60px !important;padding-bottom: 60px !important;background-color: #f3f3f6 !important;}&#8221;][vc_column][vc_custom_heading text=&#8221;B\u0130ZE MESAJ G\u00d6NDER\u0130N&#8221; font_container=&#8221;tag:h2|font_size:30px|text_align:center|color:%23252c41|line_height:35px&#8221; use_theme_fonts=&#8221;yes&#8221; css=&#8221;.vc_custom_1642585403808{margin-top: 0px !important;margin-bottom: 25px !important;}&#8221;][vc_column_text css=&#8221;.vc_custom_1642585439908{margin-bottom: 45px !important;}&#8221;] A\u015fa\u011f\u0131daki ileti\u015fim formunu kullanarak bize iletmek istediklerinizi veya sormak istediklerinizi g\u00f6nderebilirsiniz. [\/vc_column_text][vc_row_inner][vc_column_inner offset=&#8221;vc_col-lg-offset-2 vc_col-lg-8 vc_col-md-offset-1 vc_col-md-10 vc_col-xs-12&#8243;][\/vc_column_inner][\/vc_row_inner][\/vc_column][\/vc_row]<\/p>\n","protected":false},"author":1,"featured_media":0,"parent":0,"menu_order":18,"comment_status":"closed","ping_status":"closed","template":"","meta":{"_joinchat":[],"footnotes":""},"class_list":["post-169","page","type-page","status-publish","hentry"],"_links":{"self":[{"href":"https:\/\/hotelkuluhana.com\/tr\/wp-json\/wp\/v2\/pages\/169","targetHints":{"allow":["GET"]}}],"collection":[{"href":"https:\/\/hotelkuluhana.com\/tr\/wp-json\/wp\/v2\/pages"}],"about":[{"href":"https:\/\/hotelkuluhana.com\/tr\/wp-json\/wp\/v2\/types\/page"}],"author":[{"embeddable":true,"href":"https:\/\/hotelkuluhana.com\/tr\/wp-json\/wp\/v2\/users\/1"}],"replies":[{"embeddable":true,"href":"https:\/\/hotelkuluhana.com\/tr\/wp-json\/wp\/v2\/comments?post=169"}],"version-history":[{"count":1,"href":"https:\/\/hotelkuluhana.com\/tr\/wp-json\/wp\/v2\/pages\/169\/revisions"}],"predecessor-version":[{"id":3635,"href":"https:\/\/hotelkuluhana.com\/tr\/wp-json\/wp\/v2\/pages\/169\/revisions\/3635"}],"wp:attachment":[{"href":"https:\/\/hotelkuluhana.com\/tr\/wp-json\/wp\/v2\/media?parent=169"}],"curies":[{"name":"wp","href":"https:\/\/api.w.org\/{rel}","templated":true}]}}