{"id":379,"date":"2019-04-10T11:21:48","date_gmt":"2019-04-10T08:21:48","guid":{"rendered":"https:\/\/lordcros.c-themes.com\/demo1\/?page_id=364"},"modified":"2023-02-06T13:30:37","modified_gmt":"2023-02-06T10:30:37","slug":"s-s-s","status":"publish","type":"page","link":"https:\/\/hotelkuluhana.com\/tr\/s-s-s\/","title":{"rendered":"S.S.S."},"content":{"rendered":"[vc_row wrap_container=&#8221;true&#8221; el_id=&#8221;term-condition-section&#8221;][vc_column width=&#8221;2\/3&#8243; css=&#8221;.vc_custom_1554912973183{padding-top: 0px !important;}&#8221; offset=&#8221;vc_col-lg-offset-0 vc_col-lg-8 vc_col-md-offset-0 vc_col-md-8 vc_col-sm-offset-2 vc_col-xs-12&#8243;][vc_custom_heading text=&#8221;SIK SORULAN SORULAR&#8221; font_container=&#8221;tag:h2|font_size:30px|text_align:left|color:%23252c41|line_height:35px&#8221; use_theme_fonts=&#8221;yes&#8221; css=&#8221;.vc_custom_1642437451810{margin-top: 0px !important;margin-bottom: 30px !important;}&#8221;][vc_tta_accordion shape=&#8221;square&#8221; color=&#8221;white&#8221; c_position=&#8221;right&#8221; active_section=&#8221;1&#8243; no_fill=&#8221;true&#8221; collapsible_all=&#8221;true&#8221; css=&#8221;.vc_custom_1554900052959{margin-bottom: 60px !important;}&#8221;][vc_tta_section title=&#8221;Kahvalt\u0131&#8221; tab_id=&#8221;1537973127598-bec4ff35-a7bc&#8221;][vc_column_text]Restoran\u0131n teras\u0131nda (zemin kat) 8.00-10.00 saatleri aras\u0131nda a\u00e7\u0131k b\u00fcfe kahvalt\u0131 servis edilmektedir.[\/vc_column_text][\/vc_tta_section][vc_tta_section title=&#8221;Giri\u015f \/ \u00c7\u0131k\u0131\u015f&#8221; tab_id=&#8221;1537973127621-91a19ed4-35c6&#8243;][vc_column_text]Check-in 15:00, Check-out 11:00&#8217;dir.<br \/>\nErken gelirseniz ve odan\u0131z saat 15:00&#8217;ten \u00f6nce haz\u0131rsa \u00fccretsiz erken giri\u015f yapabilirsiniz. Aksi takdirde, bagaj\u0131n\u0131z\u0131 otelde b\u0131rakabilir ve tatilinize havuz alan\u0131nda veya plajlardan birinde ba\u015flayabilirsiniz. Saat 11:00&#8217;den sonra ayr\u0131lmak isterseniz bagaj\u0131n\u0131z\u0131 resepsiyona b\u0131rakabilirsiniz.[\/vc_column_text][\/vc_tta_section][vc_tta_section title=&#8221;\u00c7ar\u015faf ve havlular&#8221; tab_id=&#8221;1537973127634-a108cea2-5946&#8243;][vc_column_text]T\u00fcm odalar\u0131m\u0131zda temiz \u00e7ar\u015faf ve banyo havlular\u0131 sa\u011flanmaktad\u0131r. Ayr\u0131ca talep \u00fczerine \u00fccret kar\u015f\u0131l\u0131\u011f\u0131nda size plaj havlusu da sa\u011flayabiliriz.[\/vc_column_text][\/vc_tta_section][vc_tta_section title=&#8221;Otopark&#8221; tab_id=&#8221;1642437556766-a3c0905e-2a3f&#8221;][vc_column_text]Otel \u00f6n\u00fc ve \u00e7evresinde yeterli otopark alan\u0131 mevcuttur.[\/vc_column_text][\/vc_tta_section][vc_tta_section title=&#8221;\u00dct\u00fc ve \u00c7ama\u015f\u0131rhane&#8221; tab_id=&#8221;1642437578342-9b025f25-e98a&#8221;][vc_column_text]Otel odalar\u0131nda \u00fct\u00fc hizmeti verilmemektedir. Misafirimiz par\u00e7a ba\u015f\u0131 25 TL kar\u015f\u0131l\u0131\u011f\u0131nda \u00e7ama\u015f\u0131rhane hizmetimizden faydalanabilir. K\u0131yafetlerinizi y\u0131kar, kurutur, \u00fct\u00fcler ve ertesi sabah odan\u0131za teslim ederiz.[\/vc_column_text][\/vc_tta_section][vc_tta_section title=&#8221;Sahil&#8221; tab_id=&#8221;1642437598011-66d44c17-9ae9&#8243;][vc_column_text]Konaklaman\u0131z boyunca her g\u00fcn talep \u00fczerine resepsiyonda ki\u015fi ba\u015f\u0131 1 adet \u00fccretsiz plaj eri\u015fim bileti veriyoruz.[\/vc_column_text][\/vc_tta_section][\/vc_tta_accordion][\/vc_column][vc_column width=&#8221;2\/3&#8243; offset=&#8221;vc_col-lg-offset-0 vc_col-lg-4 vc_col-md-offset-0 vc_col-md-4 vc_col-sm-offset-2 vc_col-xs-12&#8243;][vc_row_inner css=&#8221;.vc_custom_1554900553647{padding-right: 15px !important;padding-left: 15px !important;}&#8221;][vc_column_inner css=&#8221;.vc_custom_1554902260244{padding-top: 35px !important;padding-right: 30px !important;padding-bottom: 35px !important;padding-left: 30px !important;background-color: #f3f3f6 !important;}&#8221; el_id=&#8221;term-condition-form&#8221;][vc_custom_heading text=&#8221;CEVAP BULAMIYORSUNUZ? B\u0130ZE SORUN&#8221; font_container=&#8221;tag:h2|font_size:17px|text_align:center|color:%23252c41|line_height:23px&#8221; google_fonts=&#8221;font_family:Roboto%20Slab%3A100%2C300%2Cregular%2C700|font_style:700%20bold%20regular%3A700%3Anormal&#8221; css=&#8221;.vc_custom_1642437700668{margin-top: 0px !important;margin-bottom: 25px !important;}&#8221;]\n<div class=\"wpcf7 no-js\" id=\"wpcf7-f385-o1\" lang=\"en-US\" dir=\"ltr\" data-wpcf7-id=\"385\">\n<div class=\"screen-reader-response\"><p role=\"status\" aria-live=\"polite\" aria-atomic=\"true\"><\/p> <ul><\/ul><\/div>\n<form action=\"\/tr\/wp-json\/wp\/v2\/pages\/379#wpcf7-f385-o1\" method=\"post\" class=\"wpcf7-form init\" aria-label=\"Contact form\" novalidate=\"novalidate\" data-status=\"init\">\n<fieldset class=\"hidden-fields-container\"><input type=\"hidden\" name=\"_wpcf7\" value=\"385\" \/><input type=\"hidden\" name=\"_wpcf7_version\" value=\"6.1.5\" \/><input type=\"hidden\" name=\"_wpcf7_locale\" value=\"en_US\" \/><input type=\"hidden\" name=\"_wpcf7_unit_tag\" value=\"wpcf7-f385-o1\" \/><input type=\"hidden\" name=\"_wpcf7_container_post\" value=\"0\" \/><input type=\"hidden\" name=\"_wpcf7_posted_data_hash\" value=\"\" \/>\n<\/fieldset>\n<div class=\"row\">\n\t<div class=\"col-md-12 form-group full-name-field\">\n\t\t<p><span class=\"wpcf7-form-control-wrap\" data-name=\"your-name\"><input size=\"40\" maxlength=\"400\" class=\"wpcf7-form-control wpcf7-text wpcf7-validates-as-required\" aria-required=\"true\" aria-invalid=\"false\" placeholder=\"Ad\u0131n\u0131z Soyad\u0131n\u0131z\" value=\"\" type=\"text\" name=\"your-name\" \/><\/span>\n\t\t<\/p>\n\t<\/div>\n\t<div class=\"col-md-12 form-group email-field\">\n\t\t<p><span class=\"wpcf7-form-control-wrap\" data-name=\"your-email\"><input size=\"40\" maxlength=\"400\" class=\"wpcf7-form-control wpcf7-email wpcf7-validates-as-required wpcf7-text wpcf7-validates-as-email\" aria-required=\"true\" aria-invalid=\"false\" placeholder=\"E-Posta Adresiniz\" value=\"\" type=\"email\" name=\"your-email\" \/><\/span>\n\t\t<\/p>\n\t<\/div>\n\t<div class=\"col-md-12 form-group email-field\">\n\t\t<p><span class=\"wpcf7-form-control-wrap\" data-name=\"your-phone\"><input size=\"40\" maxlength=\"400\" class=\"wpcf7-form-control wpcf7-tel wpcf7-validates-as-required wpcf7-text wpcf7-validates-as-tel\" aria-required=\"true\" aria-invalid=\"false\" placeholder=\"Telefon Numaran\u0131z\" value=\"\" type=\"tel\" name=\"your-phone\" \/><\/span>\n\t\t<\/p>\n\t<\/div>\n\t<div class=\"col-md-12 form-group subject-field\">\n\t\t<p><span class=\"wpcf7-form-control-wrap\" data-name=\"your-message\"><textarea cols=\"40\" rows=\"10\" maxlength=\"2000\" class=\"wpcf7-form-control wpcf7-textarea\" aria-invalid=\"false\" placeholder=\"Sorunuz\" name=\"your-message\"><\/textarea><\/span>\n\t\t<\/p>\n\t<\/div>\n<\/div>\n<div class=\"submit-field\">\n\t<p><input class=\"wpcf7-form-control wpcf7-submit has-spinner lordcros-btn primary-clr rectangle-style medium\" type=\"submit\" value=\"G\u00f6nder\" \/>\n\t<\/p>\n<\/div><div class=\"wpcf7-response-output\" aria-hidden=\"true\"><\/div>\n<\/form>\n<\/div>\n[\/vc_column_inner][\/vc_row_inner][\/vc_column][\/vc_row]\n","protected":false},"excerpt":{"rendered":"<p>[vc_row wrap_container=&#8221;true&#8221; el_id=&#8221;term-condition-section&#8221;][vc_column width=&#8221;2\/3&#8243; css=&#8221;.vc_custom_1554912973183{padding-top: 0px !important;}&#8221; offset=&#8221;vc_col-lg-offset-0 vc_col-lg-8 vc_col-md-offset-0 vc_col-md-8 vc_col-sm-offset-2 vc_col-xs-12&#8243;][vc_custom_heading text=&#8221;SIK SORULAN SORULAR&#8221; font_container=&#8221;tag:h2|font_size:30px|text_align:left|color:%23252c41|line_height:35px&#8221; use_theme_fonts=&#8221;yes&#8221; css=&#8221;.vc_custom_1642437451810{margin-top: 0px !important;margin-bottom: 30px !important;}&#8221;][vc_tta_accordion shape=&#8221;square&#8221; color=&#8221;white&#8221; c_position=&#8221;right&#8221; active_section=&#8221;1&#8243; no_fill=&#8221;true&#8221; collapsible_all=&#8221;true&#8221; css=&#8221;.vc_custom_1554900052959{margin-bottom: 60px !important;}&#8221;][vc_tta_section title=&#8221;Kahvalt\u0131&#8221; tab_id=&#8221;1537973127598-bec4ff35-a7bc&#8221;][vc_column_text]Restoran\u0131n teras\u0131nda (zemin kat) 8.00-10.00 saatleri aras\u0131nda a\u00e7\u0131k b\u00fcfe kahvalt\u0131 servis edilmektedir.[\/vc_column_text][\/vc_tta_section][vc_tta_section title=&#8221;Giri\u015f \/ \u00c7\u0131k\u0131\u015f&#8221; tab_id=&#8221;1537973127621-91a19ed4-35c6&#8243;][vc_column_text]Check-in 15:00, Check-out 11:00&#8217;dir. Erken gelirseniz ve [&hellip;]<\/p>\n","protected":false},"author":1,"featured_media":0,"parent":0,"menu_order":15,"comment_status":"closed","ping_status":"closed","template":"","meta":{"_joinchat":[],"footnotes":""},"class_list":["post-379","page","type-page","status-publish","hentry"],"_links":{"self":[{"href":"https:\/\/hotelkuluhana.com\/tr\/wp-json\/wp\/v2\/pages\/379","targetHints":{"allow":["GET"]}}],"collection":[{"href":"https:\/\/hotelkuluhana.com\/tr\/wp-json\/wp\/v2\/pages"}],"about":[{"href":"https:\/\/hotelkuluhana.com\/tr\/wp-json\/wp\/v2\/types\/page"}],"author":[{"embeddable":true,"href":"https:\/\/hotelkuluhana.com\/tr\/wp-json\/wp\/v2\/users\/1"}],"replies":[{"embeddable":true,"href":"https:\/\/hotelkuluhana.com\/tr\/wp-json\/wp\/v2\/comments?post=379"}],"version-history":[{"count":2,"href":"https:\/\/hotelkuluhana.com\/tr\/wp-json\/wp\/v2\/pages\/379\/revisions"}],"predecessor-version":[{"id":3155,"href":"https:\/\/hotelkuluhana.com\/tr\/wp-json\/wp\/v2\/pages\/379\/revisions\/3155"}],"wp:attachment":[{"href":"https:\/\/hotelkuluhana.com\/tr\/wp-json\/wp\/v2\/media?parent=379"}],"curies":[{"name":"wp","href":"https:\/\/api.w.org\/{rel}","templated":true}]}}