{"id":52,"date":"2019-04-08T10:38:39","date_gmt":"2019-04-08T07:38:39","guid":{"rendered":"https:\/\/lordcros.c-themes.com\/demo1\/?page_id=52"},"modified":"2023-02-06T12:54:52","modified_gmt":"2023-02-06T09:54:52","slug":"hakkimizda","status":"publish","type":"page","link":"https:\/\/hotelkuluhana.com\/tr\/hakkimizda\/","title":{"rendered":"Hakk\u0131m\u0131zda"},"content":{"rendered":"[vc_row content_placement=&#8221;middle&#8221; wrap_container=&#8221;true&#8221; el_id=&#8221;everything-right-section&#8221;][vc_column width=&#8221;1\/3&#8243; offset=&#8221;vc_col-xs-12&#8243;][vc_column_text css=&#8221;.vc_custom_1642443063514{margin-bottom: 50px !important;}&#8221;]\n<h2 style=\"font-size: 30px; line-height: 35px; text-transform: uppercase; color: #252c41;\">Kuluhana Hotel &amp; Villas Kalkan<\/h2>\n[\/vc_column_text][vc_column_text css=&#8221;.vc_custom_1643705734948{margin-bottom: 0px !important;}&#8221;]\n<p style=\"text-align: justify;\">Kuluhana Hotel &amp; Villas, eski bir bal\u0131k\u00e7\u0131 k\u00f6y\u00fc olan Kalkan&#8217;a yak\u0131n, sakin bir koyda, denize s\u0131f\u0131r konumlanm\u0131\u015f butik bir oteldir. Kalkan merkeze ara\u00e7la sadece 5 dakika mesafededir. Kuluhana otel, muhte\u015fem bir atmosfere, geleneksel yemeklerin sunuldu\u011fu restorana, ev yap\u0131m\u0131 tatl\u0131lar ve nefes kesici deniz manzaras\u0131na sahip ho\u015f bir butik oteldir. T\u00fcm odalar ayd\u0131nl\u0131k, balkonlu ve deniz manzaral\u0131d\u0131r (ekonomik \u00e7ift ki\u015filik oda hari\u00e7). Her odada du\u015flu ve klimal\u0131 en-suite banyoya ilaveten minibar, elektrikli su \u0131s\u0131t\u0131c\u0131, LCD televizyon ve kasa bulunmaktad\u0131r.<\/p>\n[\/vc_column_text][\/vc_column][vc_column width=&#8221;2\/3&#8243; offset=&#8221;vc_col-lg-offset-1 vc_col-lg-7 vc_col-md-offset-0 vc_col-md-8 vc_col-sm-offset-0 vc_col-xs-12&#8243; css=&#8221;.vc_custom_1554818202251{padding-right: 8px !important;padding-left: 8px !important;}&#8221;][vc_gallery interval=&#8221;3&#8243; images=&#8221;776,775,774,772,771,770,769,766,764,763,760,2504,2502,2500,2498,3150,3148,3146,3144,3142,3140,3138,3136,3134,3132,3130,3128,3126,3124,3122,3120&#8243; img_size=&#8221;full&#8221;][\/vc_column][\/vc_row][vc_row wrap_container=&#8221;true&#8221; css=&#8221;.vc_custom_1642503264724{margin-top: -30px !important;}&#8221; el_id=&#8221;everything-right-bottom-section&#8221;][vc_column][vc_column_text css=&#8221;.vc_custom_1643705771491{margin-bottom: 0px !important;}&#8221;]\n<p style=\"text-align: justify;\">G\u00fcn, g\u00f6lgeli terasta, masaya servis edilen taze sebze ve meyveler, peynirler ve yumurtalarla dolu l\u00fcks bir kontinental kahvalt\u0131 ile ba\u015flar. G\u00fcn\u00fcn geri kalan\u0131nda kafe\/bar\u0131m\u0131zda s\u0131cak ve so\u011fuk i\u00e7ecekler, taze ev yap\u0131m\u0131 T\u00fcrk ve Avrupa tatl\u0131lar\u0131, kokteyller ve at\u0131\u015ft\u0131rmal\u0131klar servis edilmektedir. Ak\u015fam yeme\u011fini otelimizde yemek istiyorsan\u0131z, yiyeceklerin g\u00fcnl\u00fck ve taze olmas\u0131na \u00e7ok \u00f6nem verdi\u011fimizden; g\u00fcn i\u00e7inde men\u00fc se\u00e7iminizi \u00f6nceden bildirmeniz gerekmektedir.<\/p>\n<p style=\"text-align: justify;\">G\u00fcne\u015fi ve huzuru sevenler, g\u00fcne m\u00fckemmel k\u00f6rfez manzaral\u0131 sonsuzluk havuzunda veya otelin \u00f6zel plaj\u0131nda devam edebilir. Otel ayr\u0131ca \u00e7evreyi ke\u015ffetmek i\u00e7in m\u00fckemmel bir konuma sahiptir; Kaputa\u015f Plaj\u0131 sadece 5 dakika, beyaz kumlu plaj\u0131 ile Patara antik kenti 15 dakika s\u00fcr\u00fc\u015f mesafesindedir.<\/p>\n<p style=\"text-align: justify;\">Unutulmaz bir tatil i\u00e7in hepinizi a\u011f\u0131rlamay\u0131 umuyoruz\u2026<\/p>\n[\/vc_column_text][\/vc_column][\/vc_row]\n","protected":false},"excerpt":{"rendered":"<p>[vc_row content_placement=&#8221;middle&#8221; wrap_container=&#8221;true&#8221; el_id=&#8221;everything-right-section&#8221;][vc_column width=&#8221;1\/3&#8243; offset=&#8221;vc_col-xs-12&#8243;][vc_column_text css=&#8221;.vc_custom_1642443063514{margin-bottom: 50px !important;}&#8221;] Kuluhana Hotel &amp; Villas Kalkan [\/vc_column_text][vc_column_text css=&#8221;.vc_custom_1643705734948{margin-bottom: 0px !important;}&#8221;] Kuluhana Hotel &amp; Villas, eski bir bal\u0131k\u00e7\u0131 k\u00f6y\u00fc olan Kalkan&#8217;a yak\u0131n, sakin bir koyda, denize s\u0131f\u0131r konumlanm\u0131\u015f butik bir oteldir. Kalkan merkeze ara\u00e7la sadece 5 dakika mesafededir. Kuluhana otel, muhte\u015fem bir atmosfere, geleneksel yemeklerin sunuldu\u011fu restorana, ev [&hellip;]<\/p>\n","protected":false},"author":1,"featured_media":0,"parent":0,"menu_order":9,"comment_status":"closed","ping_status":"closed","template":"","meta":{"_joinchat":[],"footnotes":""},"class_list":["post-52","page","type-page","status-publish","hentry"],"_links":{"self":[{"href":"https:\/\/hotelkuluhana.com\/tr\/wp-json\/wp\/v2\/pages\/52","targetHints":{"allow":["GET"]}}],"collection":[{"href":"https:\/\/hotelkuluhana.com\/tr\/wp-json\/wp\/v2\/pages"}],"about":[{"href":"https:\/\/hotelkuluhana.com\/tr\/wp-json\/wp\/v2\/types\/page"}],"author":[{"embeddable":true,"href":"https:\/\/hotelkuluhana.com\/tr\/wp-json\/wp\/v2\/users\/1"}],"replies":[{"embeddable":true,"href":"https:\/\/hotelkuluhana.com\/tr\/wp-json\/wp\/v2\/comments?post=52"}],"version-history":[{"count":1,"href":"https:\/\/hotelkuluhana.com\/tr\/wp-json\/wp\/v2\/pages\/52\/revisions"}],"predecessor-version":[{"id":3152,"href":"https:\/\/hotelkuluhana.com\/tr\/wp-json\/wp\/v2\/pages\/52\/revisions\/3152"}],"wp:attachment":[{"href":"https:\/\/hotelkuluhana.com\/tr\/wp-json\/wp\/v2\/media?parent=52"}],"curies":[{"name":"wp","href":"https:\/\/api.w.org\/{rel}","templated":true}]}}